{"id":411,"date":"2015-12-03T11:00:02","date_gmt":"2015-12-03T11:00:02","guid":{"rendered":"http:\/\/demos.artbees.net\/jupiter5\/taygete\/?page_id=411"},"modified":"2025-12-17T11:59:34","modified_gmt":"2025-12-17T11:59:34","slug":"about-us","status":"publish","type":"page","link":"https:\/\/mediationnow.ch\/?page_id=411","title":{"rendered":"\u00dcber uns"},"content":{"rendered":"<div class=\"wpb-content-wrapper\">[mk_page_section bg_image=&#8220;https:\/\/mediationnow.ch\/wp-content\/uploads\/2020\/02\/header.jpg&#8220; bg_repeat=&#8220;no-repeat&#8220; bg_stretch=&#8220;true&#8220; enable_3d=&#8220;true&#8220; bg_gradient=&#8220;horizontal&#8220; video_color_mask=&#8220;#d2e9de&#8220; gr_end=&#8220;#5a8e83&#8243; video_opacity=&#8220;0.5&#8243; min_height=&#8220;675&#8243; js_vertical_centered=&#8220;true&#8220; sidebar=&#8220;sidebar-1&#8243;][vc_column][mk_fancy_title color=&#8220;#ffffff&#8220; size=&#8220;48&#8243; force_font_size=&#8220;true&#8220; size_phone=&#8220;40&#8243; font_weight=&#8220;bold&#8220; txt_transform=&#8220;capitalize&#8220; margin_bottom=&#8220;50&#8243; font_family=&#8220;none&#8220; align=&#8220;center&#8220;]\u00dcber uns[\/mk_fancy_title][vc_row_inner][vc_column_inner width=&#8220;1\/6&#8243;][\/vc_column_inner][vc_column_inner width=&#8220;2\/3&#8243;][mk_fancy_title color=&#8220;#ffffff&#8220; size=&#8220;18&#8243; font_weight=&#8220;400&#8243; margin_bottom=&#8220;50&#8243; font_family=&#8220;none&#8220; align=&#8220;center&#8220;]Wir beraten Sie kompetent in unterschiedlichsten Konfliktsituationen. Auf Wunsch arbeiten wir in komplexeren F\u00e4llen in einer Co-Mediation oder ziehen Partner hinzu, die in ihrem Fachgebiet Spezialisten sind.[\/mk_fancy_title][\/vc_column_inner][vc_column_inner width=&#8220;1\/6&#8243;][\/vc_column_inner][\/vc_row_inner][\/vc_column][\/mk_page_section][vc_row disable_element=&#8220;yes&#8220;][vc_column][mk_padding_divider size=&#8220;140&#8243;][mk_fancy_title color=&#8220;#aaaaaa&#8220; size=&#8220;16&#8243; txt_transform=&#8220;uppercase&#8220; letter_spacing=&#8220;4&#8243; margin_bottom=&#8220;0&#8243; font_family=&#8220;Ubuntu&#8220; font_type=&#8220;google&#8220; align=&#8220;center&#8220;]so many trust us as[\/mk_fancy_title][mk_fancy_title color=&#8220;#003164&#8243; size=&#8220;30&#8243; txt_transform=&#8220;uppercase&#8220; letter_spacing=&#8220;2&#8243; margin_bottom=&#8220;0&#8243; font_family=&#8220;Ubuntu&#8220; font_type=&#8220;google&#8220; align=&#8220;center&#8220;]experts[\/mk_fancy_title][mk_divider style=&#8220;thin_solid&#8220; divider_width=&#8220;custom_width&#8220; custom_width=&#8220;60&#8243; thin_single_color=&#8220;#fdc502&#8243; thickness=&#8220;3&#8243; margin_top=&#8220;0&#8243; margin_bottom=&#8220;60&#8243;][\/vc_column][\/vc_row][vc_row][vc_column][mk_padding_divider size=&#8220;130&#8243; visibility=&#8220;hidden-sm&#8220;][\/vc_column][\/vc_row][mk_page_section bg_image=&#8220;https:\/\/mediationnow.ch\/wp-content\/uploads\/2020\/02\/yolanda.jpg&#8220; bg_image_portrait=&#8220;https:\/\/mediationnow.ch\/wp-content\/uploads\/2020\/03\/3-2.jpg&#8220; bg_color=&#8220;#f0f4f5&#8243; bg_position=&#8220;right top&#8220; bg_repeat=&#8220;no-repeat&#8220; min_height=&#8220;760&#8243; js_vertical_centered=&#8220;true&#8220; top_shape_color=&#8220;#ffffff&#8220; bottom_shape_color=&#8220;#ffffff&#8220; sidebar=&#8220;sidebar-1&#8243;][vc_column width=&#8220;1\/2&#8243;][mk_fancy_title color=&#8220;#aaaaaa&#8220; size=&#8220;16&#8243; txt_transform=&#8220;uppercase&#8220; letter_spacing=&#8220;4&#8243; margin_bottom=&#8220;0&#8243; font_family=&#8220;Ubuntu&#8220; font_type=&#8220;google&#8220;]Gesch\u00e4ftsf\u00fchrerin MediationNow GmbH[\/mk_fancy_title][mk_fancy_title color=&#8220;#003164&#8243; size=&#8220;30&#8243; txt_transform=&#8220;uppercase&#8220; letter_spacing=&#8220;2&#8243; margin_bottom=&#8220;0&#8243; font_family=&#8220;Ubuntu&#8220; font_type=&#8220;google&#8220;]Yolanda Stamm[\/mk_fancy_title][mk_divider style=&#8220;thin_solid&#8220; divider_width=&#8220;custom_width&#8220; custom_width=&#8220;60&#8243; align=&#8220;left&#8220; thin_single_color=&#8220;#fdc502&#8243; thickness=&#8220;3&#8243; margin_top=&#8220;0&#8243; margin_bottom=&#8220;60&#8243;][mk_image src=&#8220;https:\/\/mediationnow.ch\/wp-content\/uploads\/2020\/03\/yolanda-freigestellt.png&#8220; image_height=&#8220;820&#8243; margin_bottom=&#8220;0&#8243; visibility=&#8220;visible-nb&#8220;][vc_column_text margin_bottom=&#8220;20&#8243; css=&#8220;.vc_custom_1585036480605{margin-bottom: 20px !important;}&#8220;]Meine Motivation: Konflikte entstehen oft aufgrund von Missverst\u00e4ndnissen und kosten unn\u00f6tig viel Energie, Nerven und Zeit. Mir ist es ein Anliegen, die Bed\u00fcrfnisse der einzelnen Konfliktparteien effektiv zu verstehen, damit ich sie anschliessend bestm\u00f6glich in der L\u00f6sungsfindung unterst\u00fctzen kann.[\/vc_column_text][vc_row_inner][vc_column_inner width=&#8220;1\/2&#8243;][mk_icon_box icon=&#8220;mk-icon-comments-o&#8220; title=&#8220;Mediatorin&#8220; text_size=&#8220;14&#8243; font_weight=&#8220;bold&#8220; icon_size=&#8220;medium&#8220; circled=&#8220;true&#8220; icon_color=&#8220;#003164&#8243; title_color=&#8220;#003164&#8243;][\/mk_icon_box][mk_icon_box icon=&#8220;mk-moon-calendar&#8220; title=&#8220;Diverse Weiterbildungen im Projektmanagement&#8220; text_size=&#8220;14&#8243; font_weight=&#8220;bold&#8220; icon_size=&#8220;medium&#8220; circled=&#8220;true&#8220; icon_color=&#8220;#003164&#8243; title_color=&#8220;#003164&#8243;][\/mk_icon_box][\/vc_column_inner][vc_column_inner width=&#8220;1\/2&#8243;][mk_icon_box icon=&#8220;mk-icon-graduation-cap&#8220; title=&#8220;Bachelor of Science in angewandter Psychologie&#8220; text_size=&#8220;14&#8243; font_weight=&#8220;bold&#8220; icon_size=&#8220;medium&#8220; circled=&#8220;true&#8220; icon_color=&#8220;#003164&#8243; title_color=&#8220;#003164&#8243;][\/mk_icon_box][\/vc_column_inner][\/vc_row_inner][mk_button corner_style=&#8220;rounded&#8220; size=&#8220;large&#8220; icon=&#8220;mk-icon-file-pdf-o&#8220; icon_anim=&#8220;side&#8220; url=&#8220;https:\/\/mediationnow.ch\/wp-content\/uploads\/2024\/11\/cv_yolanda_stamm.pdf&#8220; target=&#8220;_blank&#8220; align=&#8220;right&#8220; text_color=&#8220;dark&#8220;]CV Yolanda Stamm[\/mk_button][\/vc_column][vc_column width=&#8220;1\/2&#8243;][\/vc_column][\/mk_page_section][mk_page_section bg_image=&#8220;https:\/\/mediationnow.ch\/wp-content\/uploads\/2020\/03\/francois-1.jpg&#8220; bg_image_portrait=&#8220;https:\/\/mediationnow.ch\/wp-content\/uploads\/2020\/03\/3-2.jpg&#8220; bg_color=&#8220;#f0f4f5&#8243; bg_repeat=&#8220;no-repeat&#8220; min_height=&#8220;760&#8243; js_vertical_centered=&#8220;true&#8220; top_shape_color=&#8220;#ffffff&#8220; bottom_shape_color=&#8220;#ffffff&#8220; sidebar=&#8220;sidebar-1&#8243;][vc_column width=&#8220;1\/2&#8243;][\/vc_column][vc_column width=&#8220;1\/2&#8243;][mk_fancy_title color=&#8220;#aaaaaa&#8220; size=&#8220;16&#8243; txt_transform=&#8220;uppercase&#8220; letter_spacing=&#8220;4&#8243; margin_bottom=&#8220;0&#8243; font_family=&#8220;Ubuntu&#8220; font_type=&#8220;google&#8220;]Gesch\u00e4ftsf\u00fchrer MediationNow GmbH[\/mk_fancy_title][mk_fancy_title color=&#8220;#003164&#8243; size=&#8220;30&#8243; txt_transform=&#8220;uppercase&#8220; letter_spacing=&#8220;2&#8243; margin_bottom=&#8220;0&#8243; font_family=&#8220;Ubuntu&#8220; font_type=&#8220;google&#8220;]Fran\u00e7ois Pinaton[\/mk_fancy_title][mk_divider style=&#8220;thin_solid&#8220; divider_width=&#8220;custom_width&#8220; custom_width=&#8220;60&#8243; align=&#8220;left&#8220; thin_single_color=&#8220;#fdc502&#8243; thickness=&#8220;3&#8243; margin_top=&#8220;0&#8243; margin_bottom=&#8220;60&#8243;][mk_image src=&#8220;https:\/\/mediationnow.ch\/wp-content\/uploads\/2020\/03\/francois-freigestellt.png&#8220; image_height=&#8220;780&#8243; margin_bottom=&#8220;0&#8243; visibility=&#8220;visible-nb&#8220;][vc_column_text margin_bottom=&#8220;20&#8243; css=&#8220;.vc_custom_1585039962780{margin-bottom: 20px !important;}&#8220;]Meine Motivation: Konflikte sind Teil unseres Lebens. Mein Bestreben ist, dass sogar in scheinbar aussichtlosen Konfliktsituationen mit Hilfe kompetenter, wertsch\u00e4tzender Begleitung einvernehmliche L\u00f6sungen gefunden werden. Mein Ziel ist, dass sich am Ende einer Mediation m\u00f6glichst alle als Gewinner sehen und gest\u00e4rkt aus dieser Situation gehen.[\/vc_column_text][vc_row_inner][vc_column_inner width=&#8220;1\/2&#8243;][mk_icon_box icon=&#8220;mk-icon-comments-o&#8220; title=&#8220;Mediator&#8220; text_size=&#8220;14&#8243; font_weight=&#8220;bold&#8220; icon_size=&#8220;medium&#8220; circled=&#8220;true&#8220; icon_color=&#8220;#003164&#8243; title_color=&#8220;#003164&#8243;][\/mk_icon_box][mk_icon_box icon=&#8220;mk-icon-slideshare&#8220; title=&#8220;Member Care Consultant&#8220; text_size=&#8220;14&#8243; font_weight=&#8220;bold&#8220; icon_size=&#8220;medium&#8220; circled=&#8220;true&#8220; icon_color=&#8220;#003164&#8243; title_color=&#8220;#003164&#8243;][\/mk_icon_box][\/vc_column_inner][vc_column_inner width=&#8220;1\/2&#8243;][mk_icon_box icon=&#8220;mk-icon-microphone&#8220; title=&#8220;Coach &amp; Supervisor EASC&#8220; text_size=&#8220;14&#8243; font_weight=&#8220;bold&#8220; icon_size=&#8220;medium&#8220; circled=&#8220;true&#8220; icon_color=&#8220;#003164&#8243; title_color=&#8220;#003164&#8243;][\/mk_icon_box][mk_icon_box icon=&#8220;mk-icon-compass&#8220; title=&#8220;Diverse Weiterbildungen im Bereich Pers\u00f6nlichkeits- und F\u00fchrungsentwicklung&#8220; text_size=&#8220;14&#8243; font_weight=&#8220;bold&#8220; icon_size=&#8220;medium&#8220; circled=&#8220;true&#8220; icon_color=&#8220;#003164&#8243; title_color=&#8220;#003164&#8243;][\/mk_icon_box][\/vc_column_inner][\/vc_row_inner][mk_button corner_style=&#8220;rounded&#8220; size=&#8220;large&#8220; icon=&#8220;mk-icon-file-pdf-o&#8220; icon_anim=&#8220;side&#8220; url=&#8220;https:\/\/mediationnow.ch\/wp-content\/uploads\/2025\/12\/cv_francois_pinaton-1.pdf&#8220; target=&#8220;_blank&#8220; align=&#8220;right&#8220; text_color=&#8220;dark&#8220;]CV Fran\u00e7ois Pinaton[\/mk_button][\/vc_column][\/mk_page_section][mk_page_section][vc_column][mk_padding_divider size=&#8220;60&#8243;][mk_fancy_title color=&#8220;#aaaaaa&#8220; size=&#8220;16&#8243; txt_transform=&#8220;uppercase&#8220; letter_spacing=&#8220;4&#8243; margin_bottom=&#8220;0&#8243; font_family=&#8220;Ubuntu&#8220; font_type=&#8220;google&#8220; align=&#8220;center&#8220;]\u201eWir arbeiten mit Partnern zusammen, die in ihrem Fachgebiet Spezialisten sind und die wir vorbehaltslos weiterempfehlen k\u00f6nnen.\u201c[\/mk_fancy_title][mk_fancy_title color=&#8220;#003164&#8243; size=&#8220;30&#8243; txt_transform=&#8220;uppercase&#8220; letter_spacing=&#8220;2&#8243; margin_bottom=&#8220;0&#8243; font_family=&#8220;Ubuntu&#8220; font_type=&#8220;google&#8220; align=&#8220;center&#8220;]Partner[\/mk_fancy_title][mk_divider style=&#8220;thin_solid&#8220; divider_width=&#8220;custom_width&#8220; custom_width=&#8220;60&#8243; thin_single_color=&#8220;#fdc502&#8243; thickness=&#8220;3&#8243; margin_top=&#8220;0&#8243; margin_bottom=&#8220;60&#8243;][vc_column_text css=&#8220;.vc_custom_1590486853990{margin-bottom: 0px !important;}&#8220;]Im Erstgespr\u00e4ch kl\u00e4ren wir mit Ihnen, was Ihr Anliegen ist. Sollten sich aus unserer Sicht eine andere Beratungsform oder Mediatoren mit anderen Kompetenzen besser eignen, dann werden wir Sie gerne weiterleiten. Wir arbeiten mit Partnern zusammen, die in ihrem Fachgebiet Spezialisten sind und die wir vorbehaltslos weiterempfehlen k\u00f6nnen.[\/vc_column_text][\/vc_column][\/mk_page_section][mk_page_section][vc_column][mk_padding_divider size=&#8220;15&#8243;][mk_employees grayscale_image=&#8220;false&#8220;][\/vc_column][\/mk_page_section]\n<\/div>","protected":false},"excerpt":{"rendered":"<p>[mk_page_section bg_image=&#8220;https:\/\/mediationnow.ch\/wp-content\/uploads\/2020\/02\/header.jpg&#8220; bg_repeat=&#8220;no-repeat&#8220; bg_stretch=&#8220;true&#8220; enable_3d=&#8220;true&#8220; bg_gradient=&#8220;horizontal&#8220; video_color_mask=&#8220;#d2e9de&#8220; gr_end=&#8220;#5a8e83&#8243; video_opacity=&#8220;0.5&#8243; min_height=&#8220;675&#8243; js_vertical_centered=&#8220;true&#8220; sidebar=&#8220;sidebar-1&#8243;][vc_column][mk_fancy_title color=&#8220;#ffffff&#8220; size=&#8220;48&#8243; force_font_size=&#8220;true&#8220; size_phone=&#8220;40&#8243; font_weight=&#8220;bold&#8220; txt_transform=&#8220;capitalize&#8220; margin_bottom=&#8220;50&#8243; font_family=&#8220;none&#8220; align=&#8220;center&#8220;]\u00dcber uns[\/mk_fancy_title][vc_row_inner][vc_column_inner width=&#8220;1\/6&#8243;][\/vc_column_inner][vc_column_inner width=&#8220;2\/3&#8243;][mk_fancy_title color=&#8220;#ffffff&#8220; size=&#8220;18&#8243; font_weight=&#8220;400&#8243; margin_bottom=&#8220;50&#8243; font_family=&#8220;none&#8220; align=&#8220;center&#8220;]Wir beraten Sie kompetent in unterschiedlichsten Konfliktsituationen. Auf Wunsch arbeiten wir in komplexeren F\u00e4llen in einer Co-Mediation oder ziehen Partner hinzu, die in ihrem Fachgebiet Spezialisten [&hellip;]<\/p>\n","protected":false},"author":3,"featured_media":0,"parent":0,"menu_order":0,"comment_status":"closed","ping_status":"closed","template":"","meta":{"footnotes":""},"_links":{"self":[{"href":"https:\/\/mediationnow.ch\/index.php?rest_route=\/wp\/v2\/pages\/411"}],"collection":[{"href":"https:\/\/mediationnow.ch\/index.php?rest_route=\/wp\/v2\/pages"}],"about":[{"href":"https:\/\/mediationnow.ch\/index.php?rest_route=\/wp\/v2\/types\/page"}],"author":[{"embeddable":true,"href":"https:\/\/mediationnow.ch\/index.php?rest_route=\/wp\/v2\/users\/3"}],"replies":[{"embeddable":true,"href":"https:\/\/mediationnow.ch\/index.php?rest_route=%2Fwp%2Fv2%2Fcomments&post=411"}],"version-history":[{"count":65,"href":"https:\/\/mediationnow.ch\/index.php?rest_route=\/wp\/v2\/pages\/411\/revisions"}],"predecessor-version":[{"id":771,"href":"https:\/\/mediationnow.ch\/index.php?rest_route=\/wp\/v2\/pages\/411\/revisions\/771"}],"wp:attachment":[{"href":"https:\/\/mediationnow.ch\/index.php?rest_route=%2Fwp%2Fv2%2Fmedia&parent=411"}],"curies":[{"name":"wp","href":"https:\/\/api.w.org\/{rel}","templated":true}]}}