{"id":394,"date":"2015-12-03T09:38:25","date_gmt":"2015-12-03T09:38:25","guid":{"rendered":"http:\/\/demos.artbees.net\/jupiter5\/taygete\/?page_id=394"},"modified":"2020-05-26T09:16:30","modified_gmt":"2020-05-26T09:16:30","slug":"services","status":"publish","type":"page","link":"https:\/\/mediationnow.ch\/?page_id=394","title":{"rendered":"Weitere Angebote"},"content":{"rendered":"<div class=\"wpb-content-wrapper\">[mk_page_section bg_image=&#8220;https:\/\/mediationnow.ch\/wp-content\/uploads\/2020\/04\/header-1.jpg&#8220; bg_repeat=&#8220;no-repeat&#8220; bg_stretch=&#8220;true&#8220; enable_3d=&#8220;true&#8220; bg_gradient=&#8220;horizontal&#8220; video_color_mask=&#8220;#d2e9de&#8220; gr_end=&#8220;#5a8e83&#8243; video_opacity=&#8220;0.5&#8243; min_height=&#8220;675&#8243; js_vertical_centered=&#8220;true&#8220; sidebar=&#8220;sidebar-1&#8243;][vc_column][mk_fancy_title color=&#8220;#ffffff&#8220; size=&#8220;48&#8243; force_font_size=&#8220;true&#8220; size_phone=&#8220;40&#8243; font_weight=&#8220;bold&#8220; txt_transform=&#8220;capitalize&#8220; margin_bottom=&#8220;50&#8243; font_family=&#8220;none&#8220; align=&#8220;center&#8220;]Weitere Angebote [\/mk_fancy_title][vc_row_inner][vc_column_inner width=&#8220;1\/6&#8243;][\/vc_column_inner][vc_column_inner width=&#8220;2\/3&#8243;][\/vc_column_inner][vc_column_inner width=&#8220;1\/6&#8243;][\/vc_column_inner][\/vc_row_inner][\/vc_column][\/mk_page_section][mk_page_section][vc_column][mk_padding_divider size=&#8220;60&#8243;][mk_fancy_title color=&#8220;#aaaaaa&#8220; size=&#8220;16&#8243; txt_transform=&#8220;uppercase&#8220; letter_spacing=&#8220;4&#8243; margin_bottom=&#8220;0&#8243; font_family=&#8220;Ubuntu&#8220; font_type=&#8220;google&#8220; align=&#8220;center&#8220;]Gerne informieren wir sie \u00fcber unsere[\/mk_fancy_title][mk_fancy_title color=&#8220;#003164&#8243; size=&#8220;30&#8243; txt_transform=&#8220;uppercase&#8220; letter_spacing=&#8220;2&#8243; margin_bottom=&#8220;0&#8243; font_family=&#8220;Ubuntu&#8220; font_type=&#8220;google&#8220; align=&#8220;center&#8220;]weiteren Angebote[\/mk_fancy_title][mk_divider style=&#8220;thin_solid&#8220; divider_width=&#8220;custom_width&#8220; custom_width=&#8220;60&#8243; thin_single_color=&#8220;#fdc502&#8243; thickness=&#8220;3&#8243; margin_top=&#8220;0&#8243; margin_bottom=&#8220;60&#8243;][vc_tabs style=&#8220;simple&#8220;][vc_tab title=&#8220;Coaching&#8220; tab_id=&#8220;1585986134772-4-3&#8243;][vc_row_inner][vc_column_inner width=&#8220;1\/3&#8243;][mk_fancy_title color=&#8220;#5a8e83&#8243; size=&#8220;28&#8243; force_font_size=&#8220;true&#8220; size_phone=&#8220;40&#8243; font_weight=&#8220;bold&#8220; txt_transform=&#8220;none&#8220; margin_bottom=&#8220;0&#8243; font_family=&#8220;Ubuntu&#8220; font_type=&#8220;google&#8220;]\u201eMediatonNow bietet bei Bedarf auch professionelles Coaching an!\u201c[\/mk_fancy_title][\/vc_column_inner][vc_column_inner width=&#8220;1\/3&#8243;][mk_dropcaps style=&#8220;fancy-style&#8220; size=&#8220;45&#8243; background_color=&#8220;#5a8e83&#8243; text_color=&#8220;#ffffff&#8220;]E[\/mk_dropcaps][vc_column_text css=&#8220;.vc_custom_1586025582022{margin-bottom: 0px !important;}&#8220;]s kann vorkommen, dass in gewissen Situationen nicht in erster Linie eine Mediation das optimale Vorgehen ist. Ein Coaching mit Mitarbeitenden oder einer F\u00fchrungskraft, in dem die Herausforderungen und Spannungen in Beziehungen besprochen und reflektiert werden, kann manchmal auch zu neuen M\u00f6glichkeiten f\u00fchren, die Probleme aktiv anzugehen und zu l\u00f6sen. Der Konflikt wird in diesem Fall auf individueller Ebene angegangen und die Konfliktbearbeitung geschieht vorerst nur bei einer Partei.<br \/>\n[\/vc_column_text][\/vc_column_inner][vc_column_inner width=&#8220;1\/3&#8243;][vc_column_text css=&#8220;.vc_custom_1586025591773{margin-bottom: 0px !important;}&#8220;]Es kann sein, dass durch das Coaching ersichtlich wird, dass Mediation der n\u00e4chste richtige Schritt ist, oder aber umgekehrt nach einer Mediation ein nachtr\u00e4gliches Coaching f\u00fcr eine der Konfliktparteien eine der vereinbarten L\u00f6sungsschritte ist. [\/vc_column_text][\/vc_column_inner][\/vc_row_inner][\/vc_tab][vc_tab title=&#8220;Teamentwicklung | Teamsupervision&#8220; tab_id=&#8220;1585986151893-5-7&#8243;][vc_row_inner][vc_column_inner width=&#8220;1\/3&#8243;][mk_fancy_title color=&#8220;#5a8e83&#8243; size=&#8220;28&#8243; force_font_size=&#8220;true&#8220; size_phone=&#8220;40&#8243; font_weight=&#8220;bold&#8220; txt_transform=&#8220;none&#8220; margin_bottom=&#8220;0&#8243; font_family=&#8220;Ubuntu&#8220; font_type=&#8220;google&#8220;]\u201eWir helfen Ihnen dabei, mit Ihrem Team regelm\u00e4ssig \u00fcber Ihre Arbeit mit den Kunden, Klienten oder anderen Arbeitsgruppen in Ihrer Firma zu reflektieren und dadurch gemeinsame Herausforderungen besser zu bew\u00e4ltigen.\u201c[\/mk_fancy_title][\/vc_column_inner][vc_column_inner width=&#8220;1\/3&#8243;][mk_dropcaps style=&#8220;fancy-style&#8220; size=&#8220;45&#8243; background_color=&#8220;#5a8e83&#8243; text_color=&#8220;#ffffff&#8220;]W[\/mk_dropcaps][vc_column_text css=&#8220;.vc_custom_1586025747574{margin-bottom: 0px !important;}&#8220;]enn es an der Zeit ist, Ihr Team zu st\u00e4rken, um m\u00f6gliche Konflikte im Voraus zu erkennen und konstruktiv anzugehen, unterst\u00fctzen wir Sie dabei. Durch unseren praktischen Trainingsansatz werden Kommunikation, F\u00fchrung, Gruppendynamik, Rollenverhalten und Teamf\u00e4higkeit mit allen Sinnen erlebbar gemacht. Dies erm\u00f6glicht k\u00fcnftig eine effektivere Zusammenarbeit.[\/vc_column_text][\/vc_column_inner][vc_column_inner width=&#8220;1\/3&#8243;][vc_column_text css=&#8220;.vc_custom_1586025758549{margin-bottom: 0px !important;}&#8220;]Wir helfen Ihnen dabei, mit Ihrem Team regelm\u00e4ssig \u00fcber Ihre Arbeit mit den Kunden, Klienten oder anderen Arbeitsgruppen in Ihrer Firma zu reflektieren und dadurch gemeinsame Herausforderungen besser zu bew\u00e4ltigen. Wenn Sie den Eindruck haben, dass gewisse Arbeitsabl\u00e4ufe gest\u00f6rt oder unterschwellige Misst\u00f6ne vorhanden sind, wenn Sie die Zusammenarbeit im Team verbessern wollen, damit Konfliktsituationen vermieden werden, dann haben Sie in MediationNow einen kompetenten Partner, um Ihr Team dabei zu unterst\u00fctzen. [\/vc_column_text][\/vc_column_inner][\/vc_row_inner][\/vc_tab][vc_tab title=&#8220;Partner&#8220; tab_id=&#8220;1586025518591-2-3&#8243;][vc_row_inner][vc_column_inner width=&#8220;2\/3&#8243;][mk_fancy_title color=&#8220;#5a8e83&#8243; size=&#8220;28&#8243; force_font_size=&#8220;true&#8220; size_phone=&#8220;40&#8243; font_weight=&#8220;bold&#8220; txt_transform=&#8220;none&#8220; margin_bottom=&#8220;0&#8243; font_family=&#8220;Ubuntu&#8220; font_type=&#8220;google&#8220;]\u201eWir arbeiten mit Partnern zusammen, die in ihrem Fachgebiet Spezialisten sind und die wir vorbehaltslos weiterempfehlen k\u00f6nnen.\u201c[\/mk_fancy_title][\/vc_column_inner][vc_column_inner width=&#8220;1\/3&#8243;][mk_dropcaps style=&#8220;fancy-style&#8220; size=&#8220;45&#8243; background_color=&#8220;#5a8e83&#8243; text_color=&#8220;#ffffff&#8220;]I[\/mk_dropcaps][vc_column_text css=&#8220;.vc_custom_1586025848558{margin-bottom: 0px !important;}&#8220;]m Erstgespr\u00e4ch kl\u00e4ren wir mit Ihnen, was Ihr Anliegen ist. Sollten sich aus unserer Sicht eine andere Beratungsform oder Mediatoren mit anderen Kompetenzen besser eignen, dann werden wir Sie gerne weiterleiten. Wir arbeiten mit Partnern zusammen, die in ihrem Fachgebiet Spezialisten sind und die wir vorbehaltslos weiterempfehlen k\u00f6nnen.[\/vc_column_text][\/vc_column_inner][\/vc_row_inner][\/vc_tab][\/vc_tabs][\/vc_column][\/mk_page_section][vc_row][vc_column][mk_padding_divider size=&#8220;15&#8243;][\/vc_column][\/vc_row][mk_page_section bg_image=&#8220;https:\/\/mediationnow.ch\/wp-content\/uploads\/2020\/04\/background.jpg&#8220; bg_repeat=&#8220;no-repeat&#8220; bg_stretch=&#8220;true&#8220; video_color_mask=&#8220;#5a8e83&#8243; sidebar=&#8220;sidebar-1&#8243;][vc_column width=&#8220;2\/3&#8243;][mk_fancy_title color=&#8220;#ffffff&#8220; size=&#8220;36&#8243; force_font_size=&#8220;true&#8220; size_phone=&#8220;30&#8243; txt_transform=&#8220;none&#8220; margin_top=&#8220;40&#8243; margin_bottom=&#8220;0&#8243; font_family=&#8220;none&#8220;]Nehmen Sie unverbindlich mit uns Kontakt auf[\/mk_fancy_title][mk_fancy_title color=&#8220;#ffffff&#8220; size=&#8220;16&#8243; txt_transform=&#8220;none&#8220; font_family=&#8220;none&#8220;]Gerne unterbreiten wir Ihnen ein individuelles Angebot.[\/mk_fancy_title][\/vc_column][vc_column width=&#8220;1\/3&#8243;][mk_padding_divider size=&#8220;60&#8243; visibility=&#8220;hidden-sm&#8220;][mk_button dimension=&#8220;flat&#8220; corner_style=&#8220;rounded&#8220; size=&#8220;medium&#8220; url=&#8220;?page_id=385&#8243; animation=&#8220;flip-y&#8220; bg_color=&#8220;#003164&#8243; btn_hover_bg=&#8220;#ffffff&#8220; btn_hover_txt_color=&#8220;#003164&#8243;]Kontakt[\/mk_button][\/vc_column][\/mk_page_section][vc_row][vc_column][mk_padding_divider size=&#8220;130&#8243; visibility=&#8220;hidden-sm&#8220;][\/vc_column][\/vc_row]\n<\/div>","protected":false},"excerpt":{"rendered":"<p>[mk_page_section bg_image=&#8220;https:\/\/mediationnow.ch\/wp-content\/uploads\/2020\/04\/header-1.jpg&#8220; bg_repeat=&#8220;no-repeat&#8220; bg_stretch=&#8220;true&#8220; enable_3d=&#8220;true&#8220; bg_gradient=&#8220;horizontal&#8220; video_color_mask=&#8220;#d2e9de&#8220; gr_end=&#8220;#5a8e83&#8243; video_opacity=&#8220;0.5&#8243; min_height=&#8220;675&#8243; js_vertical_centered=&#8220;true&#8220; sidebar=&#8220;sidebar-1&#8243;][vc_column][mk_fancy_title color=&#8220;#ffffff&#8220; size=&#8220;48&#8243; force_font_size=&#8220;true&#8220; size_phone=&#8220;40&#8243; font_weight=&#8220;bold&#8220; txt_transform=&#8220;capitalize&#8220; margin_bottom=&#8220;50&#8243; font_family=&#8220;none&#8220; align=&#8220;center&#8220;]Weitere Angebote [\/mk_fancy_title][vc_row_inner][vc_column_inner width=&#8220;1\/6&#8243;][\/vc_column_inner][vc_column_inner width=&#8220;2\/3&#8243;][\/vc_column_inner][vc_column_inner width=&#8220;1\/6&#8243;][\/vc_column_inner][\/vc_row_inner][\/vc_column][\/mk_page_section][mk_page_section][vc_column][mk_padding_divider size=&#8220;60&#8243;][mk_fancy_title color=&#8220;#aaaaaa&#8220; size=&#8220;16&#8243; txt_transform=&#8220;uppercase&#8220; letter_spacing=&#8220;4&#8243; margin_bottom=&#8220;0&#8243; font_family=&#8220;Ubuntu&#8220; font_type=&#8220;google&#8220; align=&#8220;center&#8220;]Gerne informieren wir sie \u00fcber unsere[\/mk_fancy_title][mk_fancy_title color=&#8220;#003164&#8243; size=&#8220;30&#8243; txt_transform=&#8220;uppercase&#8220; letter_spacing=&#8220;2&#8243; margin_bottom=&#8220;0&#8243; font_family=&#8220;Ubuntu&#8220; font_type=&#8220;google&#8220; align=&#8220;center&#8220;]weiteren Angebote[\/mk_fancy_title][mk_divider style=&#8220;thin_solid&#8220; divider_width=&#8220;custom_width&#8220; custom_width=&#8220;60&#8243; thin_single_color=&#8220;#fdc502&#8243; thickness=&#8220;3&#8243; margin_top=&#8220;0&#8243; [&hellip;]<\/p>\n","protected":false},"author":3,"featured_media":0,"parent":0,"menu_order":0,"comment_status":"closed","ping_status":"closed","template":"","meta":{"footnotes":""},"_links":{"self":[{"href":"https:\/\/mediationnow.ch\/index.php?rest_route=\/wp\/v2\/pages\/394"}],"collection":[{"href":"https:\/\/mediationnow.ch\/index.php?rest_route=\/wp\/v2\/pages"}],"about":[{"href":"https:\/\/mediationnow.ch\/index.php?rest_route=\/wp\/v2\/types\/page"}],"author":[{"embeddable":true,"href":"https:\/\/mediationnow.ch\/index.php?rest_route=\/wp\/v2\/users\/3"}],"replies":[{"embeddable":true,"href":"https:\/\/mediationnow.ch\/index.php?rest_route=%2Fwp%2Fv2%2Fcomments&post=394"}],"version-history":[{"count":14,"href":"https:\/\/mediationnow.ch\/index.php?rest_route=\/wp\/v2\/pages\/394\/revisions"}],"predecessor-version":[{"id":664,"href":"https:\/\/mediationnow.ch\/index.php?rest_route=\/wp\/v2\/pages\/394\/revisions\/664"}],"wp:attachment":[{"href":"https:\/\/mediationnow.ch\/index.php?rest_route=%2Fwp%2Fv2%2Fmedia&parent=394"}],"curies":[{"name":"wp","href":"https:\/\/api.w.org\/{rel}","templated":true}]}}